{"id":100,"date":"2015-09-18T10:18:51","date_gmt":"2015-09-18T08:18:51","guid":{"rendered":"https:\/\/elektroschulz.com\/?page_id=100"},"modified":"2020-03-31T17:47:57","modified_gmt":"2020-03-31T15:47:57","slug":"e-check","status":"publish","type":"page","link":"https:\/\/elektroschulz.com\/?page_id=100","title":{"rendered":"E-CHECK"},"content":{"rendered":"[vc_row center_row=&#8220;&#8220;][vc_column]<div class=\"vcex-spacing\" style=\"height:30px\"><\/div>[vc_custom_heading text=&#8220;E-CHECK&#8220; font_container=&#8220;tag:h1|text_align:left&#8220; use_theme_fonts=&#8220;yes&#8220; enqueue_font_style=&#8220;&#8220;][vc_custom_heading text=&#8220;Lassen Sie Ihre elektrischen Installationen und Ger\u00e4te \u00fcberpr\u00fcfen!&#8220; font_container=&#8220;tag:h3|text_align:left&#8220; use_theme_fonts=&#8220;yes&#8220; enqueue_font_style=&#8220;&#8220; css=&#8220;.vc_custom_1562061029392{padding-bottom: 15px !important;}&#8220;][vc_column_text]\n<p style=\"text-align: left;\">Den E-CHECK gibt es seit 1996 und ist Ihre professionelle L\u00f6sung f\u00fcr ein Mehr an Sicherheit im Umgang mit Strom. Heutzutage ist er das anerkannte Pr\u00fcfsiegel f\u00fcr elektrische Installationen und Ger\u00e4te und die Referenz in Sachen sicherer Umgang mit Strom. Der E-CHECK garantiert Ihnen, dass alles f\u00fcr die Sicherheit zu Hause getan wurde. So k\u00f6nnen Sie sorgenfreier leben, denn er bietet Schutz f\u00fcr die ganze Familie \u2013 gerade auch f\u00fcr Kinder. Bei Renovierungen werden meist auch Ver\u00e4nderungen an der Elektroinstallation vorgenommen. Modernisierer und Bauherren kommen mit dem E-CHECK ihren gesetzlichen Verpflichtungen nach und beugen Schadensersatzanspr\u00fcchen vor.<\/p>\n<p>Als Unternehmer k\u00f6nnen Sie es sich nicht leisten, Betriebsst\u00f6rungen durch fehlerhafte Elektroanlagen und -ger\u00e4te hinzunehmen. Au\u00dferdem sind Sie f\u00fcr die Sicherheit Ihrer Mitarbeiter verantwortlich, ganz zu schweigen von gesetzlich vorgeschriebenen Pr\u00fcfungen.<br \/>\n<span style=\"font-size: 12px;\">*E-CHECK ist ein exklusives Dienstleistungsangebot von Innungsfachbetrieben.<\/span>[\/vc_column_text]<div class=\"vcex-spacing\" style=\"height:30px\"><\/div>[\/vc_column][\/vc_row][vc_row center_row=&#8220;&#8220;][vc_column][vc_cta h2=&#8220;Haben Sie das E-CHECK Pr\u00fcfsiegel?&#8220; h2_font_container=&#8220;font_size:1.125em|color:%23085394&#8243; h2_use_theme_fonts=&#8220;yes&#8220; add_button=&#8220;right&#8220; btn_title=&#8220;Termin vereinbaren&#8220; btn_style=&#8220;3d&#8220; btn_color=&#8220;inverse&#8220; btn_i_icon_fontawesome=&#8220;fa fa-phone-square&#8220; add_icon=&#8220;left&#8220; i_icon_fontawesome=&#8220;fa fa-exclamation-circle&#8220; i_color=&#8220;custom&#8220; use_custom_fonts_h2=&#8220;true&#8220; btn_add_icon=&#8220;true&#8220; btn_custom_onclick=&#8220;true&#8220; i_on_border=&#8220;true&#8220; i_custom_color=&#8220;#1e73be&#8220; btn_link=&#8220;url:https%3A%2F%2Felektroschulz.com%2Fkontakt%2F||&#8220;]Vereinbaren Sie einen Termin mit einem unserer Elektromeister und wir \u00fcberpr\u00fcfen ihre Ger\u00e4te.[\/vc_cta][\/vc_column][\/vc_row][vc_row][vc_column][vc_row_inner][vc_column_inner][vc_custom_heading text=&#8220;H\u00e4ufig gestellte Fragen:&#8220; font_container=&#8220;tag:h3|text_align:left|color:%23085394&#8243; use_theme_fonts=&#8220;yes&#8220; css=&#8220;.vc_custom_1562061594164{padding-bottom: 5px !important;}&#8220;][vc_separator css=&#8220;.vc_custom_1488465755977{padding-bottom: 15px !important;}&#8220;][\/vc_column_inner][\/vc_row_inner][vc_row_inner][vc_column_inner width=&#8220;1\/2&#8243;][vc_toggle title=&#8220;Was ist der E-CHECK?&#8220; style=&#8220;simple&#8220; color=&#8220;blue&#8220; el_id=&#8220;1444285533304-d68e0b4d-241d&#8220;]Der E-CHECK ist die anerkannte, normengerechte Pr\u00fcfung der elektrischen Anlage und aller Ger\u00e4te im Haus. Beim E-CHECK wird gepr\u00fcft, ob sich die Anlage und Ger\u00e4te im ordnungsgem\u00e4\u00dfen Zustand im Sinne der jeweils geltenden VDE-Bestimmungen befinden. Ist dies der Fall, wird der einwandfreie Zustand durch die E-CHECK Pr\u00fcfplakette best\u00e4tigt. Der Zustand der Anlage und Ger\u00e4te wird dar\u00fcber hinaus in einem detaillierten Pr\u00fcfprotokoll dokumentiert. Hier werden auch zu behebende M\u00e4ngel aufgezeichnet.[\/vc_toggle][vc_toggle title=&#8220;Wozu gibt es den E-CHECK?&#8220; style=&#8220;simple&#8220; color=&#8220;blue&#8220; el_id=&#8220;1444285533397-959eb575-1f6f&#8220;]Nobody is perfect! Das gilt nicht zuletzt auch f\u00fcr Elektroger\u00e4te und -installationen. \u00dcberholte Sicherungsverteiler, schlechte Kontakte und Isolationsfehler stellen einerseits einen kaum zu untersch\u00e4tzenden Risikofaktor f\u00fcr Ihre Gesundheit dar und sind andererseits Ursache f\u00fcr \u00fcberfl\u00fcssige Kosten.[\/vc_toggle][vc_toggle title=&#8220;Was wird beim E-CHECK untersucht?&#8220; style=&#8220;simple&#8220; color=&#8220;blue&#8220; el_id=&#8220;1444285533491-f662dea2-3964&#8243;]Gepr\u00fcft werden unter anderem: Schutzeinrichtungen wie Fehlerstromschutzschalter, Personenschutzautomaten, Schutzeinrichtungen in der Verteilung, etc. Au\u00dferdem ortsfeste elektrische Betriebsmittel wie z. B. Herde, Kopierer, Aktenvernichter, Computer, Drucker, Bildschirme, Kaffeemaschinen, TV, Hifi und Video. Aber auch Kontroll- und Sicherheitssysteme werden im Rahmen der E-CHECK Pr\u00fcfung kontrolliert. Ebenso Konferenztechnik und Pr\u00e4sentationstechnik. Dazu Arbeitsplatzbeleuchtung, Schutzeinrichtungen gegen Blitzschlag und \u00dcberspannung.[\/vc_toggle][\/vc_column_inner][vc_column_inner width=&#8220;1\/2&#8243;][vc_toggle title=&#8220;Welche Sicherheit bietet der E-CHECK?&#8220; style=&#8220;simple&#8220; color=&#8220;blue&#8220; el_id=&#8220;1444285533665-d1d5acde-351e&#8220;]Wenn nichts zu beanstanden ist, so gibt der E-CHECK die Gewissheit, dass die gepr\u00fcfte Elektroinstallation und die gepr\u00fcften Elektroger\u00e4te allen Sicherheitsaspekten gen\u00fcgen. So sch\u00fctzt er im Regelfall gegen eventuelle Schadensersatzanspr\u00fcche der Versicherer. War nicht alles in Ordnung, so gibt der E-CHECK in jedem Fall die Gewissheit, dass alle Fehler aufgedeckt wurden. Sind diese Fehler, die aus dem E-CHECK Pr\u00fcfprotokoll hervorgehen, durch einen Fachmann behoben, so ist man ebenfalls wieder gegen eventuelle Schadensersatzanspr\u00fcche gesch\u00fctzt.[\/vc_toggle][vc_toggle title=&#8220;Wie oft muss ich den E-CHECK machen lassen?&#8220; style=&#8220;simple&#8220; color=&#8220;blue&#8220; el_id=&#8220;1444285533758-fd18750e-65a5&#8243;]Das h\u00e4ngt ganz davon ab, ob es sich um ortsfeste oder ortsver\u00e4nderliche Ger\u00e4te handelt. Im privaten Bereich sollten ortsfeste Anlagen alle 4 Jahre einer E-CHECK Pr\u00fcfung unterzogen werden. Ortsver\u00e4nderliche Ger\u00e4te im Regelfall jedes Jahr. Dar\u00fcber hinaus gibt es aber auch noch eine Reihe von speziellen Regelungen f\u00fcr besonders beanspruchte Ger\u00e4te vor allem im gewerblichen Bereich. Am besten, Sie fragen Ihren E-CHECK Fachmann. Er wird Sie \u00fcber die f\u00fcr Ihre Anforderungen geltenden Pr\u00fcffristen informieren.[\/vc_toggle][vc_toggle title=&#8220;Was kostet der E-CHECK?&#8220; style=&#8220;simple&#8220; color=&#8220;blue&#8220; el_id=&#8220;1444285533855-570a326c-4a5a&#8220;]Die Kosten f\u00fcr den E-CHECK richten sich zum einen nach der Gr\u00f6\u00dfe Ihrer Anlage und der Anzahl der Ger\u00e4te. Zum anderen aber auch nach dem Umfang der Beratungsleistung im Rahmen des E-CHECK. Der E-CHECK bezieht sich nicht nur auf den Bereich Sicherheit. Im Rahmen der E-CHECK Pr\u00fcfung k\u00f6nnen Sie sich dar\u00fcber hinaus auch noch in den Bereichen Komfort und Energiesparen beraten lassen. F\u00fcr die genauen Kosten in Ihrem Fall fragen Sie am besten Ihren Elektromeister. Der macht Ihnen gerne ein konkretes Angebot. Sprechen Sie ihn darauf an. Sie sollten nicht wegen veralteter Anlagen und deren Schadenspotenzial unn\u00f6tig tief in Ihren Geldbeutel greifen m\u00fcssen.[\/vc_toggle][\/vc_column_inner][\/vc_row_inner][\/vc_column][\/vc_row]\n","protected":false},"excerpt":{"rendered":"<p>[vc_row center_row=&#8220;&#8220;][vc_column][vc_custom_heading text=&#8220;E-CHECK&#8220; font_container=&#8220;tag:h1|text_align:left&#8220; use_theme_fonts=&#8220;yes&#8220; enqueue_font_style=&#8220;&#8220;][vc_custom_heading text=&#8220;Lassen Sie Ihre elektrischen Installationen und Ger\u00e4te \u00fcberpr\u00fcfen!&#8220; font_container=&#8220;tag:h3|text_align:left&#8220; use_theme_fonts=&#8220;yes&#8220; enqueue_font_style=&#8220;&#8220; css=&#8220;.vc_custom_1562061029392{padding-bottom: 15px !important;}&#8220;][vc_column_text] Den E-CHECK gibt es seit 1996 und ist Ihre professionelle L\u00f6sung f\u00fcr ein Mehr an Sicherheit im Umgang mit Strom.&hellip;<\/p>\n","protected":false},"author":1,"featured_media":0,"parent":0,"menu_order":10,"comment_status":"closed","ping_status":"closed","template":"","meta":[],"yoast_head":"<!-- This site is optimized with the Yoast SEO plugin v21.8 - https:\/\/yoast.com\/wordpress\/plugins\/seo\/ -->\n<title>E-CHECK - Elektro Schulz<\/title>\n<meta name=\"robots\" content=\"index, follow, max-snippet:-1, max-image-preview:large, max-video-preview:-1\" \/>\n<link rel=\"canonical\" href=\"https:\/\/elektroschulz.com\/?page_id=100\" \/>\n<meta property=\"og:locale\" content=\"de_DE\" \/>\n<meta property=\"og:type\" content=\"article\" \/>\n<meta property=\"og:title\" content=\"E-CHECK - Elektro Schulz\" \/>\n<meta property=\"og:description\" content=\"[vc_row center_row=&#8220;&#8220;][vc_column][vc_custom_heading text=&#8220;E-CHECK&#8220; font_container=&#8220;tag:h1|text_align:left&#8220; use_theme_fonts=&#8220;yes&#8220; enqueue_font_style=&#8220;&#8220;][vc_custom_heading text=&#8220;Lassen Sie Ihre elektrischen Installationen und Ger\u00e4te \u00fcberpr\u00fcfen!&#8220; font_container=&#8220;tag:h3|text_align:left&#8220; use_theme_fonts=&#8220;yes&#8220; enqueue_font_style=&#8220;&#8220; css=&#8220;.vc_custom_1562061029392{padding-bottom: 15px !important;}&#8220;][vc_column_text] Den E-CHECK gibt es seit 1996 und ist Ihre professionelle L\u00f6sung f\u00fcr ein Mehr an Sicherheit im Umgang mit Strom.&hellip;\" \/>\n<meta property=\"og:url\" content=\"https:\/\/elektroschulz.com\/?page_id=100\" \/>\n<meta property=\"og:site_name\" content=\"Elektro Schulz\" \/>\n<meta property=\"article:modified_time\" content=\"2020-03-31T15:47:57+00:00\" \/>\n<meta name=\"twitter:card\" content=\"summary_large_image\" \/>\n<meta name=\"twitter:label1\" content=\"Gesch\u00e4tzte Lesezeit\" \/>\n\t<meta name=\"twitter:data1\" content=\"5\u00a0Minuten\" \/>\n<script type=\"application\/ld+json\" class=\"yoast-schema-graph\">{\"@context\":\"https:\/\/schema.org\",\"@graph\":[{\"@type\":\"WebPage\",\"@id\":\"https:\/\/elektroschulz.com\/?page_id=100\",\"url\":\"https:\/\/elektroschulz.com\/?page_id=100\",\"name\":\"E-CHECK - Elektro Schulz\",\"isPartOf\":{\"@id\":\"https:\/\/elektroschulz.com\/#website\"},\"datePublished\":\"2015-09-18T08:18:51+00:00\",\"dateModified\":\"2020-03-31T15:47:57+00:00\",\"breadcrumb\":{\"@id\":\"https:\/\/elektroschulz.com\/?page_id=100#breadcrumb\"},\"inLanguage\":\"de\",\"potentialAction\":[{\"@type\":\"ReadAction\",\"target\":[\"https:\/\/elektroschulz.com\/?page_id=100\"]}]},{\"@type\":\"BreadcrumbList\",\"@id\":\"https:\/\/elektroschulz.com\/?page_id=100#breadcrumb\",\"itemListElement\":[{\"@type\":\"ListItem\",\"position\":1,\"name\":\"Home\",\"item\":\"https:\/\/elektroschulz.com\/\"},{\"@type\":\"ListItem\",\"position\":2,\"name\":\"E-CHECK\"}]},{\"@type\":\"WebSite\",\"@id\":\"https:\/\/elektroschulz.com\/#website\",\"url\":\"https:\/\/elektroschulz.com\/\",\"name\":\"Elektro Schulz\",\"description\":\"\",\"publisher\":{\"@id\":\"https:\/\/elektroschulz.com\/#organization\"},\"potentialAction\":[{\"@type\":\"SearchAction\",\"target\":{\"@type\":\"EntryPoint\",\"urlTemplate\":\"https:\/\/elektroschulz.com\/?s={search_term_string}\"},\"query-input\":\"required name=search_term_string\"}],\"inLanguage\":\"de\"},{\"@type\":\"Organization\",\"@id\":\"https:\/\/elektroschulz.com\/#organization\",\"name\":\"Elektro Schulz\",\"url\":\"https:\/\/elektroschulz.com\/\",\"logo\":{\"@type\":\"ImageObject\",\"inLanguage\":\"de\",\"@id\":\"https:\/\/elektroschulz.com\/#\/schema\/logo\/image\/\",\"url\":\"https:\/\/elektroschulz.com\/wp-content\/uploads\/2015\/09\/elektro-schulz_logo.png\",\"contentUrl\":\"https:\/\/elektroschulz.com\/wp-content\/uploads\/2015\/09\/elektro-schulz_logo.png\",\"width\":400,\"height\":119,\"caption\":\"Elektro Schulz\"},\"image\":{\"@id\":\"https:\/\/elektroschulz.com\/#\/schema\/logo\/image\/\"}}]}<\/script>\n<!-- \/ Yoast SEO plugin. -->","yoast_head_json":{"title":"E-CHECK - Elektro Schulz","robots":{"index":"index","follow":"follow","max-snippet":"max-snippet:-1","max-image-preview":"max-image-preview:large","max-video-preview":"max-video-preview:-1"},"canonical":"https:\/\/elektroschulz.com\/?page_id=100","og_locale":"de_DE","og_type":"article","og_title":"E-CHECK - Elektro Schulz","og_description":"[vc_row center_row=&#8220;&#8220;][vc_column][vc_custom_heading text=&#8220;E-CHECK&#8220; font_container=&#8220;tag:h1|text_align:left&#8220; use_theme_fonts=&#8220;yes&#8220; enqueue_font_style=&#8220;&#8220;][vc_custom_heading text=&#8220;Lassen Sie Ihre elektrischen Installationen und Ger\u00e4te \u00fcberpr\u00fcfen!&#8220; font_container=&#8220;tag:h3|text_align:left&#8220; use_theme_fonts=&#8220;yes&#8220; enqueue_font_style=&#8220;&#8220; css=&#8220;.vc_custom_1562061029392{padding-bottom: 15px !important;}&#8220;][vc_column_text] Den E-CHECK gibt es seit 1996 und ist Ihre professionelle L\u00f6sung f\u00fcr ein Mehr an Sicherheit im Umgang mit Strom.&hellip;","og_url":"https:\/\/elektroschulz.com\/?page_id=100","og_site_name":"Elektro Schulz","article_modified_time":"2020-03-31T15:47:57+00:00","twitter_card":"summary_large_image","twitter_misc":{"Gesch\u00e4tzte Lesezeit":"5\u00a0Minuten"},"schema":{"@context":"https:\/\/schema.org","@graph":[{"@type":"WebPage","@id":"https:\/\/elektroschulz.com\/?page_id=100","url":"https:\/\/elektroschulz.com\/?page_id=100","name":"E-CHECK - Elektro Schulz","isPartOf":{"@id":"https:\/\/elektroschulz.com\/#website"},"datePublished":"2015-09-18T08:18:51+00:00","dateModified":"2020-03-31T15:47:57+00:00","breadcrumb":{"@id":"https:\/\/elektroschulz.com\/?page_id=100#breadcrumb"},"inLanguage":"de","potentialAction":[{"@type":"ReadAction","target":["https:\/\/elektroschulz.com\/?page_id=100"]}]},{"@type":"BreadcrumbList","@id":"https:\/\/elektroschulz.com\/?page_id=100#breadcrumb","itemListElement":[{"@type":"ListItem","position":1,"name":"Home","item":"https:\/\/elektroschulz.com\/"},{"@type":"ListItem","position":2,"name":"E-CHECK"}]},{"@type":"WebSite","@id":"https:\/\/elektroschulz.com\/#website","url":"https:\/\/elektroschulz.com\/","name":"Elektro Schulz","description":"","publisher":{"@id":"https:\/\/elektroschulz.com\/#organization"},"potentialAction":[{"@type":"SearchAction","target":{"@type":"EntryPoint","urlTemplate":"https:\/\/elektroschulz.com\/?s={search_term_string}"},"query-input":"required name=search_term_string"}],"inLanguage":"de"},{"@type":"Organization","@id":"https:\/\/elektroschulz.com\/#organization","name":"Elektro Schulz","url":"https:\/\/elektroschulz.com\/","logo":{"@type":"ImageObject","inLanguage":"de","@id":"https:\/\/elektroschulz.com\/#\/schema\/logo\/image\/","url":"https:\/\/elektroschulz.com\/wp-content\/uploads\/2015\/09\/elektro-schulz_logo.png","contentUrl":"https:\/\/elektroschulz.com\/wp-content\/uploads\/2015\/09\/elektro-schulz_logo.png","width":400,"height":119,"caption":"Elektro Schulz"},"image":{"@id":"https:\/\/elektroschulz.com\/#\/schema\/logo\/image\/"}}]}},"_links":{"self":[{"href":"https:\/\/elektroschulz.com\/index.php?rest_route=\/wp\/v2\/pages\/100"}],"collection":[{"href":"https:\/\/elektroschulz.com\/index.php?rest_route=\/wp\/v2\/pages"}],"about":[{"href":"https:\/\/elektroschulz.com\/index.php?rest_route=\/wp\/v2\/types\/page"}],"author":[{"embeddable":true,"href":"https:\/\/elektroschulz.com\/index.php?rest_route=\/wp\/v2\/users\/1"}],"replies":[{"embeddable":true,"href":"https:\/\/elektroschulz.com\/index.php?rest_route=%2Fwp%2Fv2%2Fcomments&post=100"}],"version-history":[{"count":49,"href":"https:\/\/elektroschulz.com\/index.php?rest_route=\/wp\/v2\/pages\/100\/revisions"}],"predecessor-version":[{"id":778,"href":"https:\/\/elektroschulz.com\/index.php?rest_route=\/wp\/v2\/pages\/100\/revisions\/778"}],"wp:attachment":[{"href":"https:\/\/elektroschulz.com\/index.php?rest_route=%2Fwp%2Fv2%2Fmedia&parent=100"}],"curies":[{"name":"wp","href":"https:\/\/api.w.org\/{rel}","templated":true}]}}