{"id":373,"date":"2017-01-10T10:34:10","date_gmt":"2017-01-10T09:34:10","guid":{"rendered":"https:\/\/elektroschulz.com\/?page_id=373"},"modified":"2020-04-08T11:00:20","modified_gmt":"2020-04-08T09:00:20","slug":"haushaltsgeraete","status":"publish","type":"page","link":"https:\/\/elektroschulz.com\/?page_id=373","title":{"rendered":"Haushaltsger\u00e4te"},"content":{"rendered":"[vc_row][vc_column]<div class=\"vcex-spacing\" style=\"height:30px\"><\/div>[vc_custom_heading text=&#8220;Haushaltsger\u00e4te&#8220; font_container=&#8220;tag:h1|text_align:left|color:%23085394&#8243; use_theme_fonts=&#8220;yes&#8220;][vc_separator css=&#8220;.vc_custom_1488456814589{padding-bottom: 15px !important;}&#8220;][vc_column_text]In unserem Ladengesch\u00e4ft erhalten Sie alle g\u00e4ngigen elektrischen Haushaltsger\u00e4te von A wie Akkustaubsauger bis Z wie Zahnb\u00fcrste.<\/p>\n<p>St\u00e4ndig erwartet Sie eine Riesenauswahl an Staubsaugern, Kaffeevollautomaten, K\u00fchl- und Gefrierschr\u00e4nke, Waschmaschinen und Trockner, Klimaanlagen, Back\u00f6fen, F\u00f6ne, Rasierer, B\u00fcgeleisen etc.[\/vc_column_text][\/vc_column][\/vc_row][vc_row][vc_column][vc_row_inner][vc_column_inner width=&#8220;1\/4&#8243;][vc_single_image image=&#8220;568&#8243;][\/vc_column_inner][vc_column_inner width=&#8220;1\/4&#8243;][vc_single_image image=&#8220;571&#8243;][\/vc_column_inner][vc_column_inner width=&#8220;1\/4&#8243;][vc_single_image image=&#8220;569&#8243;][\/vc_column_inner][vc_column_inner width=&#8220;1\/4&#8243;][vc_single_image image=&#8220;570&#8243;][\/vc_column_inner][\/vc_row_inner][\/vc_column][\/vc_row]\n","protected":false},"excerpt":{"rendered":"<p>[vc_row][vc_column][vc_custom_heading text=&#8220;Haushaltsger\u00e4te&#8220; font_container=&#8220;tag:h1|text_align:left|color:%23085394&#8243; use_theme_fonts=&#8220;yes&#8220;][vc_separator css=&#8220;.vc_custom_1488456814589{padding-bottom: 15px !important;}&#8220;][vc_column_text]In unserem Ladengesch\u00e4ft erhalten Sie alle g\u00e4ngigen elektrischen Haushaltsger\u00e4te von A wie Akkustaubsauger bis Z wie Zahnb\u00fcrste. St\u00e4ndig erwartet Sie eine Riesenauswahl an Staubsaugern, Kaffeevollautomaten, K\u00fchl- und Gefrierschr\u00e4nke, Waschmaschinen und Trockner, Klimaanlagen, Back\u00f6fen, F\u00f6ne,&hellip;<\/p>\n","protected":false},"author":1,"featured_media":569,"parent":0,"menu_order":2,"comment_status":"closed","ping_status":"closed","template":"","meta":[],"yoast_head":"<!-- This site is optimized with the Yoast SEO plugin v21.8 - https:\/\/yoast.com\/wordpress\/plugins\/seo\/ -->\n<title>Haushaltsger\u00e4te - Elektro Schulz<\/title>\n<meta name=\"robots\" content=\"index, follow, max-snippet:-1, max-image-preview:large, max-video-preview:-1\" \/>\n<link rel=\"canonical\" href=\"https:\/\/elektroschulz.com\/?page_id=373\" \/>\n<meta property=\"og:locale\" content=\"de_DE\" \/>\n<meta property=\"og:type\" content=\"article\" \/>\n<meta property=\"og:title\" content=\"Haushaltsger\u00e4te - Elektro Schulz\" \/>\n<meta property=\"og:description\" content=\"[vc_row][vc_column][vc_custom_heading text=&#8220;Haushaltsger\u00e4te&#8220; font_container=&#8220;tag:h1|text_align:left|color:%23085394&#8243; use_theme_fonts=&#8220;yes&#8220;][vc_separator css=&#8220;.vc_custom_1488456814589{padding-bottom: 15px !important;}&#8220;][vc_column_text]In unserem Ladengesch\u00e4ft erhalten Sie alle g\u00e4ngigen elektrischen Haushaltsger\u00e4te von A wie Akkustaubsauger bis Z wie Zahnb\u00fcrste. St\u00e4ndig erwartet Sie eine Riesenauswahl an Staubsaugern, Kaffeevollautomaten, K\u00fchl- und Gefrierschr\u00e4nke, Waschmaschinen und Trockner, Klimaanlagen, Back\u00f6fen, F\u00f6ne,&hellip;\" \/>\n<meta property=\"og:url\" content=\"https:\/\/elektroschulz.com\/?page_id=373\" \/>\n<meta property=\"og:site_name\" content=\"Elektro Schulz\" \/>\n<meta property=\"article:modified_time\" content=\"2020-04-08T09:00:20+00:00\" \/>\n<meta property=\"og:image\" content=\"https:\/\/elektroschulz.com\/wp-content\/uploads\/2019\/03\/Mixer_1000px.jpg\" \/>\n\t<meta property=\"og:image:width\" content=\"1000\" \/>\n\t<meta property=\"og:image:height\" content=\"1000\" \/>\n\t<meta property=\"og:image:type\" content=\"image\/jpeg\" \/>\n<meta name=\"twitter:card\" content=\"summary_large_image\" \/>\n<meta name=\"twitter:label1\" content=\"Gesch\u00e4tzte Lesezeit\" \/>\n\t<meta name=\"twitter:data1\" content=\"1\u00a0Minute\" \/>\n<script type=\"application\/ld+json\" class=\"yoast-schema-graph\">{\"@context\":\"https:\/\/schema.org\",\"@graph\":[{\"@type\":\"WebPage\",\"@id\":\"https:\/\/elektroschulz.com\/?page_id=373\",\"url\":\"https:\/\/elektroschulz.com\/?page_id=373\",\"name\":\"Haushaltsger\u00e4te - Elektro Schulz\",\"isPartOf\":{\"@id\":\"https:\/\/elektroschulz.com\/#website\"},\"datePublished\":\"2017-01-10T09:34:10+00:00\",\"dateModified\":\"2020-04-08T09:00:20+00:00\",\"breadcrumb\":{\"@id\":\"https:\/\/elektroschulz.com\/?page_id=373#breadcrumb\"},\"inLanguage\":\"de\",\"potentialAction\":[{\"@type\":\"ReadAction\",\"target\":[\"https:\/\/elektroschulz.com\/?page_id=373\"]}]},{\"@type\":\"BreadcrumbList\",\"@id\":\"https:\/\/elektroschulz.com\/?page_id=373#breadcrumb\",\"itemListElement\":[{\"@type\":\"ListItem\",\"position\":1,\"name\":\"Home\",\"item\":\"https:\/\/elektroschulz.com\/\"},{\"@type\":\"ListItem\",\"position\":2,\"name\":\"Haushaltsger\u00e4te\"}]},{\"@type\":\"WebSite\",\"@id\":\"https:\/\/elektroschulz.com\/#website\",\"url\":\"https:\/\/elektroschulz.com\/\",\"name\":\"Elektro Schulz\",\"description\":\"\",\"publisher\":{\"@id\":\"https:\/\/elektroschulz.com\/#organization\"},\"potentialAction\":[{\"@type\":\"SearchAction\",\"target\":{\"@type\":\"EntryPoint\",\"urlTemplate\":\"https:\/\/elektroschulz.com\/?s={search_term_string}\"},\"query-input\":\"required name=search_term_string\"}],\"inLanguage\":\"de\"},{\"@type\":\"Organization\",\"@id\":\"https:\/\/elektroschulz.com\/#organization\",\"name\":\"Elektro Schulz\",\"url\":\"https:\/\/elektroschulz.com\/\",\"logo\":{\"@type\":\"ImageObject\",\"inLanguage\":\"de\",\"@id\":\"https:\/\/elektroschulz.com\/#\/schema\/logo\/image\/\",\"url\":\"https:\/\/elektroschulz.com\/wp-content\/uploads\/2015\/09\/elektro-schulz_logo.png\",\"contentUrl\":\"https:\/\/elektroschulz.com\/wp-content\/uploads\/2015\/09\/elektro-schulz_logo.png\",\"width\":400,\"height\":119,\"caption\":\"Elektro Schulz\"},\"image\":{\"@id\":\"https:\/\/elektroschulz.com\/#\/schema\/logo\/image\/\"}}]}<\/script>\n<!-- \/ Yoast SEO plugin. -->","yoast_head_json":{"title":"Haushaltsger\u00e4te - Elektro Schulz","robots":{"index":"index","follow":"follow","max-snippet":"max-snippet:-1","max-image-preview":"max-image-preview:large","max-video-preview":"max-video-preview:-1"},"canonical":"https:\/\/elektroschulz.com\/?page_id=373","og_locale":"de_DE","og_type":"article","og_title":"Haushaltsger\u00e4te - Elektro Schulz","og_description":"[vc_row][vc_column][vc_custom_heading text=&#8220;Haushaltsger\u00e4te&#8220; font_container=&#8220;tag:h1|text_align:left|color:%23085394&#8243; use_theme_fonts=&#8220;yes&#8220;][vc_separator css=&#8220;.vc_custom_1488456814589{padding-bottom: 15px !important;}&#8220;][vc_column_text]In unserem Ladengesch\u00e4ft erhalten Sie alle g\u00e4ngigen elektrischen Haushaltsger\u00e4te von A wie Akkustaubsauger bis Z wie Zahnb\u00fcrste. St\u00e4ndig erwartet Sie eine Riesenauswahl an Staubsaugern, Kaffeevollautomaten, K\u00fchl- und Gefrierschr\u00e4nke, Waschmaschinen und Trockner, Klimaanlagen, Back\u00f6fen, F\u00f6ne,&hellip;","og_url":"https:\/\/elektroschulz.com\/?page_id=373","og_site_name":"Elektro Schulz","article_modified_time":"2020-04-08T09:00:20+00:00","og_image":[{"width":1000,"height":1000,"url":"https:\/\/elektroschulz.com\/wp-content\/uploads\/2019\/03\/Mixer_1000px.jpg","type":"image\/jpeg"}],"twitter_card":"summary_large_image","twitter_misc":{"Gesch\u00e4tzte Lesezeit":"1\u00a0Minute"},"schema":{"@context":"https:\/\/schema.org","@graph":[{"@type":"WebPage","@id":"https:\/\/elektroschulz.com\/?page_id=373","url":"https:\/\/elektroschulz.com\/?page_id=373","name":"Haushaltsger\u00e4te - Elektro Schulz","isPartOf":{"@id":"https:\/\/elektroschulz.com\/#website"},"datePublished":"2017-01-10T09:34:10+00:00","dateModified":"2020-04-08T09:00:20+00:00","breadcrumb":{"@id":"https:\/\/elektroschulz.com\/?page_id=373#breadcrumb"},"inLanguage":"de","potentialAction":[{"@type":"ReadAction","target":["https:\/\/elektroschulz.com\/?page_id=373"]}]},{"@type":"BreadcrumbList","@id":"https:\/\/elektroschulz.com\/?page_id=373#breadcrumb","itemListElement":[{"@type":"ListItem","position":1,"name":"Home","item":"https:\/\/elektroschulz.com\/"},{"@type":"ListItem","position":2,"name":"Haushaltsger\u00e4te"}]},{"@type":"WebSite","@id":"https:\/\/elektroschulz.com\/#website","url":"https:\/\/elektroschulz.com\/","name":"Elektro Schulz","description":"","publisher":{"@id":"https:\/\/elektroschulz.com\/#organization"},"potentialAction":[{"@type":"SearchAction","target":{"@type":"EntryPoint","urlTemplate":"https:\/\/elektroschulz.com\/?s={search_term_string}"},"query-input":"required name=search_term_string"}],"inLanguage":"de"},{"@type":"Organization","@id":"https:\/\/elektroschulz.com\/#organization","name":"Elektro Schulz","url":"https:\/\/elektroschulz.com\/","logo":{"@type":"ImageObject","inLanguage":"de","@id":"https:\/\/elektroschulz.com\/#\/schema\/logo\/image\/","url":"https:\/\/elektroschulz.com\/wp-content\/uploads\/2015\/09\/elektro-schulz_logo.png","contentUrl":"https:\/\/elektroschulz.com\/wp-content\/uploads\/2015\/09\/elektro-schulz_logo.png","width":400,"height":119,"caption":"Elektro Schulz"},"image":{"@id":"https:\/\/elektroschulz.com\/#\/schema\/logo\/image\/"}}]}},"_links":{"self":[{"href":"https:\/\/elektroschulz.com\/index.php?rest_route=\/wp\/v2\/pages\/373"}],"collection":[{"href":"https:\/\/elektroschulz.com\/index.php?rest_route=\/wp\/v2\/pages"}],"about":[{"href":"https:\/\/elektroschulz.com\/index.php?rest_route=\/wp\/v2\/types\/page"}],"author":[{"embeddable":true,"href":"https:\/\/elektroschulz.com\/index.php?rest_route=\/wp\/v2\/users\/1"}],"replies":[{"embeddable":true,"href":"https:\/\/elektroschulz.com\/index.php?rest_route=%2Fwp%2Fv2%2Fcomments&post=373"}],"version-history":[{"count":8,"href":"https:\/\/elektroschulz.com\/index.php?rest_route=\/wp\/v2\/pages\/373\/revisions"}],"predecessor-version":[{"id":833,"href":"https:\/\/elektroschulz.com\/index.php?rest_route=\/wp\/v2\/pages\/373\/revisions\/833"}],"wp:featuredmedia":[{"embeddable":true,"href":"https:\/\/elektroschulz.com\/index.php?rest_route=\/wp\/v2\/media\/569"}],"wp:attachment":[{"href":"https:\/\/elektroschulz.com\/index.php?rest_route=%2Fwp%2Fv2%2Fmedia&parent=373"}],"curies":[{"name":"wp","href":"https:\/\/api.w.org\/{rel}","templated":true}]}}