{"id":86,"date":"2015-09-18T10:16:40","date_gmt":"2015-09-18T08:16:40","guid":{"rendered":"https:\/\/elektroschulz.com\/?page_id=86"},"modified":"2019-07-16T10:47:40","modified_gmt":"2019-07-16T08:47:40","slug":"elektro","status":"publish","type":"page","link":"https:\/\/elektroschulz.com\/?page_id=86","title":{"rendered":"Elektroinstallation"},"content":{"rendered":"[vc_row][vc_column]<div class=\"vcex-spacing\" style=\"height:30px\"><\/div>[vc_custom_heading text=&#8220;Elektroinstallation&#8220; font_container=&#8220;tag:h1|text_align:left|color:%23085394&#8243; use_theme_fonts=&#8220;yes&#8220;][vc_separator css=&#8220;.vc_custom_1488456814589{padding-bottom: 15px !important;}&#8220;][vc_column_text]Die moderne Elektrotechnik ist ein wesentlicher Bestandteil unseres t\u00e4glichen Lebens. Wir sind mit zukunftssicheren L\u00f6sungen vertraut und bilden uns st\u00e4ndig weiter. Eine intelligente Elektroinstallation passt sich Ihren individuellen Bed\u00fcrfnissen an und bietet viele M\u00f6glichkeiten f\u00fcr mehr Komfort.<\/p>\n<p>Lassen Sie sich durch uns fachm\u00e4nnisch beraten.[\/vc_column_text][\/vc_column][\/vc_row][vc_row][vc_column][vc_row_inner][vc_column_inner width=&#8220;1\/4&#8243;][vc_single_image image=&#8220;610&#8243;][\/vc_column_inner][vc_column_inner width=&#8220;1\/4&#8243;][vc_single_image image=&#8220;611&#8243;][\/vc_column_inner][vc_column_inner width=&#8220;1\/4&#8243;][vc_single_image image=&#8220;612&#8243;][\/vc_column_inner][vc_column_inner width=&#8220;1\/4&#8243;][vc_single_image image=&#8220;609&#8243;][\/vc_column_inner][\/vc_row_inner][\/vc_column][\/vc_row]\n","protected":false},"excerpt":{"rendered":"<p>[vc_row][vc_column][vc_custom_heading text=&#8220;Elektroinstallation&#8220; font_container=&#8220;tag:h1|text_align:left|color:%23085394&#8243; use_theme_fonts=&#8220;yes&#8220;][vc_separator css=&#8220;.vc_custom_1488456814589{padding-bottom: 15px !important;}&#8220;][vc_column_text]Die moderne Elektrotechnik ist ein wesentlicher Bestandteil unseres t\u00e4glichen Lebens. Wir sind mit zukunftssicheren L\u00f6sungen vertraut und bilden uns st\u00e4ndig weiter. Eine intelligente Elektroinstallation passt sich Ihren individuellen Bed\u00fcrfnissen an und bietet viele M\u00f6glichkeiten&hellip;<\/p>\n","protected":false},"author":1,"featured_media":612,"parent":0,"menu_order":12,"comment_status":"closed","ping_status":"closed","template":"","meta":[],"yoast_head":"<!-- This site is optimized with the Yoast SEO plugin v21.8 - https:\/\/yoast.com\/wordpress\/plugins\/seo\/ -->\n<title>Elektroinstallation - Elektro Schulz<\/title>\n<meta name=\"robots\" content=\"index, follow, max-snippet:-1, max-image-preview:large, max-video-preview:-1\" \/>\n<link rel=\"canonical\" href=\"https:\/\/elektroschulz.com\/?page_id=86\" \/>\n<meta property=\"og:locale\" content=\"de_DE\" \/>\n<meta property=\"og:type\" content=\"article\" \/>\n<meta property=\"og:title\" content=\"Elektroinstallation - Elektro Schulz\" \/>\n<meta property=\"og:description\" content=\"[vc_row][vc_column][vc_custom_heading text=&#8220;Elektroinstallation&#8220; font_container=&#8220;tag:h1|text_align:left|color:%23085394&#8243; use_theme_fonts=&#8220;yes&#8220;][vc_separator css=&#8220;.vc_custom_1488456814589{padding-bottom: 15px !important;}&#8220;][vc_column_text]Die moderne Elektrotechnik ist ein wesentlicher Bestandteil unseres t\u00e4glichen Lebens. Wir sind mit zukunftssicheren L\u00f6sungen vertraut und bilden uns st\u00e4ndig weiter. Eine intelligente Elektroinstallation passt sich Ihren individuellen Bed\u00fcrfnissen an und bietet viele M\u00f6glichkeiten&hellip;\" \/>\n<meta property=\"og:url\" content=\"https:\/\/elektroschulz.com\/?page_id=86\" \/>\n<meta property=\"og:site_name\" content=\"Elektro Schulz\" \/>\n<meta property=\"article:modified_time\" content=\"2019-07-16T08:47:40+00:00\" \/>\n<meta property=\"og:image\" content=\"https:\/\/elektroschulz.com\/wp-content\/uploads\/2019\/04\/AdobeStock_223448281_500px.jpg\" \/>\n\t<meta property=\"og:image:width\" content=\"500\" \/>\n\t<meta property=\"og:image:height\" content=\"500\" \/>\n\t<meta property=\"og:image:type\" content=\"image\/jpeg\" \/>\n<meta name=\"twitter:card\" content=\"summary_large_image\" \/>\n<meta name=\"twitter:label1\" content=\"Gesch\u00e4tzte Lesezeit\" \/>\n\t<meta name=\"twitter:data1\" content=\"1\u00a0Minute\" \/>\n<script type=\"application\/ld+json\" class=\"yoast-schema-graph\">{\"@context\":\"https:\/\/schema.org\",\"@graph\":[{\"@type\":\"WebPage\",\"@id\":\"https:\/\/elektroschulz.com\/?page_id=86\",\"url\":\"https:\/\/elektroschulz.com\/?page_id=86\",\"name\":\"Elektroinstallation - Elektro Schulz\",\"isPartOf\":{\"@id\":\"https:\/\/elektroschulz.com\/#website\"},\"datePublished\":\"2015-09-18T08:16:40+00:00\",\"dateModified\":\"2019-07-16T08:47:40+00:00\",\"breadcrumb\":{\"@id\":\"https:\/\/elektroschulz.com\/?page_id=86#breadcrumb\"},\"inLanguage\":\"de\",\"potentialAction\":[{\"@type\":\"ReadAction\",\"target\":[\"https:\/\/elektroschulz.com\/?page_id=86\"]}]},{\"@type\":\"BreadcrumbList\",\"@id\":\"https:\/\/elektroschulz.com\/?page_id=86#breadcrumb\",\"itemListElement\":[{\"@type\":\"ListItem\",\"position\":1,\"name\":\"Home\",\"item\":\"https:\/\/elektroschulz.com\/\"},{\"@type\":\"ListItem\",\"position\":2,\"name\":\"Elektroinstallation\"}]},{\"@type\":\"WebSite\",\"@id\":\"https:\/\/elektroschulz.com\/#website\",\"url\":\"https:\/\/elektroschulz.com\/\",\"name\":\"Elektro Schulz\",\"description\":\"\",\"publisher\":{\"@id\":\"https:\/\/elektroschulz.com\/#organization\"},\"potentialAction\":[{\"@type\":\"SearchAction\",\"target\":{\"@type\":\"EntryPoint\",\"urlTemplate\":\"https:\/\/elektroschulz.com\/?s={search_term_string}\"},\"query-input\":\"required name=search_term_string\"}],\"inLanguage\":\"de\"},{\"@type\":\"Organization\",\"@id\":\"https:\/\/elektroschulz.com\/#organization\",\"name\":\"Elektro Schulz\",\"url\":\"https:\/\/elektroschulz.com\/\",\"logo\":{\"@type\":\"ImageObject\",\"inLanguage\":\"de\",\"@id\":\"https:\/\/elektroschulz.com\/#\/schema\/logo\/image\/\",\"url\":\"https:\/\/elektroschulz.com\/wp-content\/uploads\/2015\/09\/elektro-schulz_logo.png\",\"contentUrl\":\"https:\/\/elektroschulz.com\/wp-content\/uploads\/2015\/09\/elektro-schulz_logo.png\",\"width\":400,\"height\":119,\"caption\":\"Elektro Schulz\"},\"image\":{\"@id\":\"https:\/\/elektroschulz.com\/#\/schema\/logo\/image\/\"}}]}<\/script>\n<!-- \/ Yoast SEO plugin. -->","yoast_head_json":{"title":"Elektroinstallation - Elektro Schulz","robots":{"index":"index","follow":"follow","max-snippet":"max-snippet:-1","max-image-preview":"max-image-preview:large","max-video-preview":"max-video-preview:-1"},"canonical":"https:\/\/elektroschulz.com\/?page_id=86","og_locale":"de_DE","og_type":"article","og_title":"Elektroinstallation - Elektro Schulz","og_description":"[vc_row][vc_column][vc_custom_heading text=&#8220;Elektroinstallation&#8220; font_container=&#8220;tag:h1|text_align:left|color:%23085394&#8243; use_theme_fonts=&#8220;yes&#8220;][vc_separator css=&#8220;.vc_custom_1488456814589{padding-bottom: 15px !important;}&#8220;][vc_column_text]Die moderne Elektrotechnik ist ein wesentlicher Bestandteil unseres t\u00e4glichen Lebens. Wir sind mit zukunftssicheren L\u00f6sungen vertraut und bilden uns st\u00e4ndig weiter. Eine intelligente Elektroinstallation passt sich Ihren individuellen Bed\u00fcrfnissen an und bietet viele M\u00f6glichkeiten&hellip;","og_url":"https:\/\/elektroschulz.com\/?page_id=86","og_site_name":"Elektro Schulz","article_modified_time":"2019-07-16T08:47:40+00:00","og_image":[{"width":500,"height":500,"url":"https:\/\/elektroschulz.com\/wp-content\/uploads\/2019\/04\/AdobeStock_223448281_500px.jpg","type":"image\/jpeg"}],"twitter_card":"summary_large_image","twitter_misc":{"Gesch\u00e4tzte Lesezeit":"1\u00a0Minute"},"schema":{"@context":"https:\/\/schema.org","@graph":[{"@type":"WebPage","@id":"https:\/\/elektroschulz.com\/?page_id=86","url":"https:\/\/elektroschulz.com\/?page_id=86","name":"Elektroinstallation - Elektro Schulz","isPartOf":{"@id":"https:\/\/elektroschulz.com\/#website"},"datePublished":"2015-09-18T08:16:40+00:00","dateModified":"2019-07-16T08:47:40+00:00","breadcrumb":{"@id":"https:\/\/elektroschulz.com\/?page_id=86#breadcrumb"},"inLanguage":"de","potentialAction":[{"@type":"ReadAction","target":["https:\/\/elektroschulz.com\/?page_id=86"]}]},{"@type":"BreadcrumbList","@id":"https:\/\/elektroschulz.com\/?page_id=86#breadcrumb","itemListElement":[{"@type":"ListItem","position":1,"name":"Home","item":"https:\/\/elektroschulz.com\/"},{"@type":"ListItem","position":2,"name":"Elektroinstallation"}]},{"@type":"WebSite","@id":"https:\/\/elektroschulz.com\/#website","url":"https:\/\/elektroschulz.com\/","name":"Elektro Schulz","description":"","publisher":{"@id":"https:\/\/elektroschulz.com\/#organization"},"potentialAction":[{"@type":"SearchAction","target":{"@type":"EntryPoint","urlTemplate":"https:\/\/elektroschulz.com\/?s={search_term_string}"},"query-input":"required name=search_term_string"}],"inLanguage":"de"},{"@type":"Organization","@id":"https:\/\/elektroschulz.com\/#organization","name":"Elektro Schulz","url":"https:\/\/elektroschulz.com\/","logo":{"@type":"ImageObject","inLanguage":"de","@id":"https:\/\/elektroschulz.com\/#\/schema\/logo\/image\/","url":"https:\/\/elektroschulz.com\/wp-content\/uploads\/2015\/09\/elektro-schulz_logo.png","contentUrl":"https:\/\/elektroschulz.com\/wp-content\/uploads\/2015\/09\/elektro-schulz_logo.png","width":400,"height":119,"caption":"Elektro Schulz"},"image":{"@id":"https:\/\/elektroschulz.com\/#\/schema\/logo\/image\/"}}]}},"_links":{"self":[{"href":"https:\/\/elektroschulz.com\/index.php?rest_route=\/wp\/v2\/pages\/86"}],"collection":[{"href":"https:\/\/elektroschulz.com\/index.php?rest_route=\/wp\/v2\/pages"}],"about":[{"href":"https:\/\/elektroschulz.com\/index.php?rest_route=\/wp\/v2\/types\/page"}],"author":[{"embeddable":true,"href":"https:\/\/elektroschulz.com\/index.php?rest_route=\/wp\/v2\/users\/1"}],"replies":[{"embeddable":true,"href":"https:\/\/elektroschulz.com\/index.php?rest_route=%2Fwp%2Fv2%2Fcomments&post=86"}],"version-history":[{"count":14,"href":"https:\/\/elektroschulz.com\/index.php?rest_route=\/wp\/v2\/pages\/86\/revisions"}],"predecessor-version":[{"id":692,"href":"https:\/\/elektroschulz.com\/index.php?rest_route=\/wp\/v2\/pages\/86\/revisions\/692"}],"wp:featuredmedia":[{"embeddable":true,"href":"https:\/\/elektroschulz.com\/index.php?rest_route=\/wp\/v2\/media\/612"}],"wp:attachment":[{"href":"https:\/\/elektroschulz.com\/index.php?rest_route=%2Fwp%2Fv2%2Fmedia&parent=86"}],"curies":[{"name":"wp","href":"https:\/\/api.w.org\/{rel}","templated":true}]}}