{"id":88,"date":"2015-09-18T10:16:56","date_gmt":"2015-09-18T08:16:56","guid":{"rendered":"https:\/\/elektroschulz.com\/?page_id=88"},"modified":"2020-03-31T17:50:56","modified_gmt":"2020-03-31T15:50:56","slug":"kuechen","status":"publish","type":"page","link":"https:\/\/elektroschulz.com\/?page_id=88","title":{"rendered":"Einbauk\u00fcchen"},"content":{"rendered":"[vc_row][vc_column]<div class=\"vcex-spacing\" style=\"height:30px\"><\/div>[vc_custom_heading text=&#8220;Einbauk\u00fcchen&#8220; font_container=&#8220;tag:h1|text_align:left|color:%23085394&#8243; use_theme_fonts=&#8220;yes&#8220;][vc_custom_heading text=&#8220;Ihre Traumk\u00fcche zu bezahlbaren Preisen&#8220; font_container=&#8220;tag:h3|text_align:left|color:%23085394&#8243; use_theme_fonts=&#8220;yes&#8220;][vc_separator css=&#8220;.vc_custom_1488458575162{padding-top: 15px !important;}&#8220;]<div class=\"vcex-spacing\" style=\"height:30px\"><\/div>[\/vc_column][\/vc_row][vc_row center_row=&#8220;&#8220;][vc_column][vc_custom_heading text=&#8220;Planung&#8220; google_fonts=&#8220;font_family:PT%20Sans%3Aregular%2Citalic%2C700%2C700italic|font_style:400%20regular%3A400%3Anormal&#8220;][vc_column_text]Durch langj\u00e4hrige Erfahrung bieten wir die perfekte L\u00f6sung f\u00fcr Ihre K\u00fcche.<\/p>\n<p>Ob K\u00fcchenplanung, Montage, Elektroanschl\u00fcsse, termingerechte Anlieferung, Ma\u00dfanfertigungen oder Reparaturarbeiten: Wir sind Ihr verl\u00e4sslicher Partner rund um Hessisch Oldendorf.<\/p>\n<p>Wir planen vor Ort und virtuell am PC mit Ihnen gemeinsam Ihre neue Traumk\u00fcche und nutzen somit vorhandene Fl\u00e4chen optimal aus.<\/p>\n<p>Egal ob modern, klassisch oder bunt.<br \/>\nLassen Sie sich in unserem K\u00fcchenstudio in der Bahnhofsallee 12 in Hessisch Oldendorf inspirieren.[\/vc_column_text]<div class=\"vcex-spacing\" style=\"height:30px\"><\/div>[\/vc_column][\/vc_row][vc_row][vc_column][vc_row_inner content_placement=&#8220;middle&#8220; css=&#8220;.vc_custom_1550240002029{padding-top: 35px !important;padding-bottom: 0px !important;background-color: #eaeaea !important;}&#8220;][vc_column_inner width=&#8220;1\/3&#8243;][vc_custom_heading text=&#8220;Traumk\u00fcche planen&#8220; google_fonts=&#8220;font_family:PT%20Sans%3Aregular%2Citalic%2C700%2C700italic|font_style:400%20regular%3A400%3Anormal&#8220;][vc_custom_heading text=&#8220;schnell und einfach zu Ihrem Wunschdesign&#8220; font_container=&#8220;tag:h4|text_align:left|color:%236d6d6d&#8220; google_fonts=&#8220;font_family:PT%20Sans%3Aregular%2Citalic%2C700%2C700italic|font_style:400%20regular%3A400%3Anormal&#8220;][\/vc_column_inner][vc_column_inner width=&#8220;1\/3&#8243;]<div class=\"vcex-module vcex-icon clr vcex-icon-normal remove-dimensions\"><div class=\"vcex-icon-wrap\"><span class=\"ticon ticon-info-circle\"><\/span><\/div><\/div>[\/vc_column_inner][vc_column_inner width=&#8220;1\/3&#8243;][vc_btn title=&#8220;Jetzt Beratungstermin vereinbaren&#8220; color=&#8220;primary&#8220; i_type=&#8220;entypo&#8220; i_icon_entypo=&#8220;entypo-icon entypo-icon-right-open-big&#8220; add_icon=&#8220;true&#8220; link=&#8220;url:mailto%3Ahommel%40elektroschulz.com|||&#8220;][\/vc_column_inner][\/vc_row_inner][vc_row_inner css=&#8220;.vc_custom_1550239883287{background-color: #c9c9c9 !important;}&#8220;][vc_column_inner width=&#8220;1\/4&#8243;][vc_single_image image=&#8220;554&#8243;][vc_custom_heading text=&#8220;Helle K\u00fcche im Landhausstil&#8220; font_container=&#8220;tag:h2|text_align:left|color:%2300519e&#8220; google_fonts=&#8220;font_family:PT%20Sans%3Aregular%2Citalic%2C700%2C700italic|font_style:400%20regular%3A400%3Anormal&#8220; enqueue_font_style=&#8220;&#8220;][\/vc_column_inner][vc_column_inner width=&#8220;1\/4&#8243;][vc_single_image image=&#8220;556&#8243;][vc_custom_heading text=&#8220;Moderne Wohnk\u00fcche in Antrazit&#8220; font_container=&#8220;tag:h2|text_align:left|color:%2300519e&#8220; google_fonts=&#8220;font_family:PT%20Sans%3Aregular%2Citalic%2C700%2C700italic|font_style:400%20regular%3A400%3Anormal&#8220; enqueue_font_style=&#8220;&#8220;][\/vc_column_inner][vc_column_inner width=&#8220;1\/4&#8243;][vc_single_image image=&#8220;555&#8243;][vc_custom_heading text=&#8220;K\u00fcche mit wei\u00dfen Hochglanz Oberfl\u00e4chen&#8220; font_container=&#8220;tag:h2|text_align:left|color:%2300519e&#8220; google_fonts=&#8220;font_family:PT%20Sans%3Aregular%2Citalic%2C700%2C700italic|font_style:400%20regular%3A400%3Anormal&#8220;][\/vc_column_inner][vc_column_inner width=&#8220;1\/4&#8243;][vc_single_image image=&#8220;557&#8243;][vc_custom_heading text=&#8220;Elektroger\u00e4te immer am Lager&#8220; font_container=&#8220;tag:h2|text_align:left|color:%2300519e&#8220; google_fonts=&#8220;font_family:PT%20Sans%3Aregular%2Citalic%2C700%2C700italic|font_style:400%20regular%3A400%3Anormal&#8220; enqueue_font_style=&#8220;&#8220;][\/vc_column_inner][\/vc_row_inner][\/vc_column][\/vc_row][vc_row center_row=&#8220;&#8220;][vc_column]<div class=\"vcex-spacing\" style=\"height:30px\"><\/div>[vc_custom_heading text=&#8220;Modernisierung&#8220; font_container=&#8220;tag:h3|text_align:left&#8220; google_fonts=&#8220;font_family:PT%20Sans%3Aregular%2Citalic%2C700%2C700italic|font_style:400%20regular%3A400%3Anormal&#8220; css=&#8220;.vc_custom_1488458305401{margin-bottom: 10px !important;}&#8220;][vc_column_text]Es muss nicht immer gleich eine neue K\u00fcche sein.<\/p>\n<p>Wie w\u00e4re es mit einer Neugestaltung der K\u00fcche? Austausch Ihrer alten Ger\u00e4te auf energiesparende Einbauger\u00e4te oder eine neue Arbeitsplatte? Lassen Sie sich unverbindlich und kostenlos vor Ort beraten.<\/p>\n<p>Unter anderem erhalten Sie bei uns auch umfangreiches Zubeh\u00f6r f\u00fcr Ihre K\u00fcche:<\/p>\n<ul>\n<li>Abfalltrennbeh\u00e4lter<\/li>\n<li>Sp\u00fclen und Armaturen<\/li>\n<li>Energiesparende Beleuchtungssysteme<\/li>\n<li>Schubladenordnungssysteme<\/li>\n<li>Elegante Steckdosenl\u00f6sungen<\/li>\n<\/ul>\n[\/vc_column_text]<div class=\"vcex-spacing\" style=\"height:30px\"><\/div>[vc_custom_heading text=&#8220;Reparaturen&#8220; font_container=&#8220;tag:h3|text_align:left&#8220; google_fonts=&#8220;font_family:PT%20Sans%3Aregular%2Citalic%2C700%2C700italic|font_style:400%20regular%3A400%3Anormal&#8220; css=&#8220;.vc_custom_1488458357095{margin-bottom: 10px !important;}&#8220;][vc_column_text]Wir helfen Ihnen bei Reparaturen schnell, zuverl\u00e4ssig und kosteng\u00fcnstig. Haushaltsger\u00e4te reparieren wir meistens direkt vor Ort. Ersatzteile werden von uns nicht nur eingebaut, sondern auch verkauft. G\u00e4ngige Ersatzteile f\u00fchren wir in unserem Servicewagen mit. Weitere Ersatzteile besorgen wir Ihnen kosteng\u00fcnstig in k\u00fcrzester Zeit.[\/vc_column_text]<div class=\"vcex-spacing\" style=\"height:30px\"><\/div>[vc_custom_heading text=&#8220;Hausger\u00e4te&#8220; font_container=&#8220;tag:h3|text_align:left&#8220; google_fonts=&#8220;font_family:PT%20Sans%3Aregular%2Citalic%2C700%2C700italic|font_style:400%20regular%3A400%3Anormal&#8220; css=&#8220;.vc_custom_1488458386853{margin-bottom: 10px !important;}&#8220;][vc_column_text]Auch bei einzelnen Hausger\u00e4ten finden Sie bei uns eine reichhaltige Auswahl zu fairen Preisen, verbunden mit unserem Lieferservice. Die Entsorgung ihrer Altger\u00e4te ist nat\u00fcrlich kostenlos.[\/vc_column_text]<div class=\"vcex-spacing\" style=\"height:30px\"><\/div>[vc_custom_heading text=&#8220;Aufbau&#8220; font_container=&#8220;tag:h3|text_align:left&#8220; google_fonts=&#8220;font_family:PT%20Sans%3Aregular%2Citalic%2C700%2C700italic|font_style:400%20regular%3A400%3Anormal&#8220; css=&#8220;.vc_custom_1488458414717{margin-bottom: 10px !important;}&#8220;][vc_column_text]Die Lieferung und Montage Ihrer neuen K\u00fcche einschlie\u00dflich der Elektro- und Sanit\u00e4ranschl\u00fcsse erfolgt fachgerecht direkt durch uns, so dass Sie keine weiteren Handwerker mehr ben\u00f6tigen.[\/vc_column_text][\/vc_column][\/vc_row]\n","protected":false},"excerpt":{"rendered":"<p>[vc_row][vc_column][vc_custom_heading text=&#8220;Einbauk\u00fcchen&#8220; font_container=&#8220;tag:h1|text_align:left|color:%23085394&#8243; use_theme_fonts=&#8220;yes&#8220;][vc_custom_heading text=&#8220;Ihre Traumk\u00fcche zu bezahlbaren Preisen&#8220; font_container=&#8220;tag:h3|text_align:left|color:%23085394&#8243; use_theme_fonts=&#8220;yes&#8220;][vc_separator css=&#8220;.vc_custom_1488458575162{padding-top: 15px !important;}&#8220;][\/vc_column][\/vc_row][vc_row center_row=&#8220;&#8220;][vc_column][vc_custom_heading text=&#8220;Planung&#8220; google_fonts=&#8220;font_family:PT%20Sans%3Aregular%2Citalic%2C700%2C700italic|font_style:400%20regular%3A400%3Anormal&#8220;][vc_column_text]Durch langj\u00e4hrige Erfahrung bieten wir die perfekte L\u00f6sung f\u00fcr Ihre K\u00fcche. Ob K\u00fcchenplanung, Montage, Elektroanschl\u00fcsse, termingerechte Anlieferung, Ma\u00dfanfertigungen oder Reparaturarbeiten: Wir sind Ihr verl\u00e4sslicher&hellip;<\/p>\n","protected":false},"author":1,"featured_media":556,"parent":0,"menu_order":13,"comment_status":"closed","ping_status":"closed","template":"","meta":[],"yoast_head":"<!-- This site is optimized with the Yoast SEO plugin v21.8 - https:\/\/yoast.com\/wordpress\/plugins\/seo\/ -->\n<title>Einbauk\u00fcchen - Elektro Schulz<\/title>\n<meta name=\"robots\" content=\"index, follow, max-snippet:-1, max-image-preview:large, max-video-preview:-1\" \/>\n<link rel=\"canonical\" href=\"https:\/\/elektroschulz.com\/?page_id=88\" \/>\n<meta property=\"og:locale\" content=\"de_DE\" \/>\n<meta property=\"og:type\" content=\"article\" \/>\n<meta property=\"og:title\" content=\"Einbauk\u00fcchen - Elektro Schulz\" \/>\n<meta property=\"og:description\" content=\"[vc_row][vc_column][vc_custom_heading text=&#8220;Einbauk\u00fcchen&#8220; font_container=&#8220;tag:h1|text_align:left|color:%23085394&#8243; use_theme_fonts=&#8220;yes&#8220;][vc_custom_heading text=&#8220;Ihre Traumk\u00fcche zu bezahlbaren Preisen&#8220; font_container=&#8220;tag:h3|text_align:left|color:%23085394&#8243; use_theme_fonts=&#8220;yes&#8220;][vc_separator css=&#8220;.vc_custom_1488458575162{padding-top: 15px !important;}&#8220;][\/vc_column][\/vc_row][vc_row center_row=&#8220;&#8220;][vc_column][vc_custom_heading text=&#8220;Planung&#8220; google_fonts=&#8220;font_family:PT%20Sans%3Aregular%2Citalic%2C700%2C700italic|font_style:400%20regular%3A400%3Anormal&#8220;][vc_column_text]Durch langj\u00e4hrige Erfahrung bieten wir die perfekte L\u00f6sung f\u00fcr Ihre K\u00fcche. Ob K\u00fcchenplanung, Montage, Elektroanschl\u00fcsse, termingerechte Anlieferung, Ma\u00dfanfertigungen oder Reparaturarbeiten: Wir sind Ihr verl\u00e4sslicher&hellip;\" \/>\n<meta property=\"og:url\" content=\"https:\/\/elektroschulz.com\/?page_id=88\" \/>\n<meta property=\"og:site_name\" content=\"Elektro Schulz\" \/>\n<meta property=\"article:modified_time\" content=\"2020-03-31T15:50:56+00:00\" \/>\n<meta property=\"og:image\" content=\"https:\/\/elektroschulz.com\/wp-content\/uploads\/2019\/03\/Elektro_Schulz_245-2.jpg\" \/>\n\t<meta property=\"og:image:width\" content=\"1095\" \/>\n\t<meta property=\"og:image:height\" content=\"1095\" \/>\n\t<meta property=\"og:image:type\" content=\"image\/jpeg\" \/>\n<meta name=\"twitter:card\" content=\"summary_large_image\" \/>\n<meta name=\"twitter:label1\" content=\"Gesch\u00e4tzte Lesezeit\" \/>\n\t<meta name=\"twitter:data1\" content=\"4\u00a0Minuten\" \/>\n<script type=\"application\/ld+json\" class=\"yoast-schema-graph\">{\"@context\":\"https:\/\/schema.org\",\"@graph\":[{\"@type\":\"WebPage\",\"@id\":\"https:\/\/elektroschulz.com\/?page_id=88\",\"url\":\"https:\/\/elektroschulz.com\/?page_id=88\",\"name\":\"Einbauk\u00fcchen - Elektro Schulz\",\"isPartOf\":{\"@id\":\"https:\/\/elektroschulz.com\/#website\"},\"datePublished\":\"2015-09-18T08:16:56+00:00\",\"dateModified\":\"2020-03-31T15:50:56+00:00\",\"breadcrumb\":{\"@id\":\"https:\/\/elektroschulz.com\/?page_id=88#breadcrumb\"},\"inLanguage\":\"de\",\"potentialAction\":[{\"@type\":\"ReadAction\",\"target\":[\"https:\/\/elektroschulz.com\/?page_id=88\"]}]},{\"@type\":\"BreadcrumbList\",\"@id\":\"https:\/\/elektroschulz.com\/?page_id=88#breadcrumb\",\"itemListElement\":[{\"@type\":\"ListItem\",\"position\":1,\"name\":\"Home\",\"item\":\"https:\/\/elektroschulz.com\/\"},{\"@type\":\"ListItem\",\"position\":2,\"name\":\"Einbauk\u00fcchen\"}]},{\"@type\":\"WebSite\",\"@id\":\"https:\/\/elektroschulz.com\/#website\",\"url\":\"https:\/\/elektroschulz.com\/\",\"name\":\"Elektro Schulz\",\"description\":\"\",\"publisher\":{\"@id\":\"https:\/\/elektroschulz.com\/#organization\"},\"potentialAction\":[{\"@type\":\"SearchAction\",\"target\":{\"@type\":\"EntryPoint\",\"urlTemplate\":\"https:\/\/elektroschulz.com\/?s={search_term_string}\"},\"query-input\":\"required name=search_term_string\"}],\"inLanguage\":\"de\"},{\"@type\":\"Organization\",\"@id\":\"https:\/\/elektroschulz.com\/#organization\",\"name\":\"Elektro Schulz\",\"url\":\"https:\/\/elektroschulz.com\/\",\"logo\":{\"@type\":\"ImageObject\",\"inLanguage\":\"de\",\"@id\":\"https:\/\/elektroschulz.com\/#\/schema\/logo\/image\/\",\"url\":\"https:\/\/elektroschulz.com\/wp-content\/uploads\/2015\/09\/elektro-schulz_logo.png\",\"contentUrl\":\"https:\/\/elektroschulz.com\/wp-content\/uploads\/2015\/09\/elektro-schulz_logo.png\",\"width\":400,\"height\":119,\"caption\":\"Elektro Schulz\"},\"image\":{\"@id\":\"https:\/\/elektroschulz.com\/#\/schema\/logo\/image\/\"}}]}<\/script>\n<!-- \/ Yoast SEO plugin. -->","yoast_head_json":{"title":"Einbauk\u00fcchen - Elektro Schulz","robots":{"index":"index","follow":"follow","max-snippet":"max-snippet:-1","max-image-preview":"max-image-preview:large","max-video-preview":"max-video-preview:-1"},"canonical":"https:\/\/elektroschulz.com\/?page_id=88","og_locale":"de_DE","og_type":"article","og_title":"Einbauk\u00fcchen - Elektro Schulz","og_description":"[vc_row][vc_column][vc_custom_heading text=&#8220;Einbauk\u00fcchen&#8220; font_container=&#8220;tag:h1|text_align:left|color:%23085394&#8243; use_theme_fonts=&#8220;yes&#8220;][vc_custom_heading text=&#8220;Ihre Traumk\u00fcche zu bezahlbaren Preisen&#8220; font_container=&#8220;tag:h3|text_align:left|color:%23085394&#8243; use_theme_fonts=&#8220;yes&#8220;][vc_separator css=&#8220;.vc_custom_1488458575162{padding-top: 15px !important;}&#8220;][\/vc_column][\/vc_row][vc_row center_row=&#8220;&#8220;][vc_column][vc_custom_heading text=&#8220;Planung&#8220; google_fonts=&#8220;font_family:PT%20Sans%3Aregular%2Citalic%2C700%2C700italic|font_style:400%20regular%3A400%3Anormal&#8220;][vc_column_text]Durch langj\u00e4hrige Erfahrung bieten wir die perfekte L\u00f6sung f\u00fcr Ihre K\u00fcche. Ob K\u00fcchenplanung, Montage, Elektroanschl\u00fcsse, termingerechte Anlieferung, Ma\u00dfanfertigungen oder Reparaturarbeiten: Wir sind Ihr verl\u00e4sslicher&hellip;","og_url":"https:\/\/elektroschulz.com\/?page_id=88","og_site_name":"Elektro Schulz","article_modified_time":"2020-03-31T15:50:56+00:00","og_image":[{"width":1095,"height":1095,"url":"https:\/\/elektroschulz.com\/wp-content\/uploads\/2019\/03\/Elektro_Schulz_245-2.jpg","type":"image\/jpeg"}],"twitter_card":"summary_large_image","twitter_misc":{"Gesch\u00e4tzte Lesezeit":"4\u00a0Minuten"},"schema":{"@context":"https:\/\/schema.org","@graph":[{"@type":"WebPage","@id":"https:\/\/elektroschulz.com\/?page_id=88","url":"https:\/\/elektroschulz.com\/?page_id=88","name":"Einbauk\u00fcchen - Elektro Schulz","isPartOf":{"@id":"https:\/\/elektroschulz.com\/#website"},"datePublished":"2015-09-18T08:16:56+00:00","dateModified":"2020-03-31T15:50:56+00:00","breadcrumb":{"@id":"https:\/\/elektroschulz.com\/?page_id=88#breadcrumb"},"inLanguage":"de","potentialAction":[{"@type":"ReadAction","target":["https:\/\/elektroschulz.com\/?page_id=88"]}]},{"@type":"BreadcrumbList","@id":"https:\/\/elektroschulz.com\/?page_id=88#breadcrumb","itemListElement":[{"@type":"ListItem","position":1,"name":"Home","item":"https:\/\/elektroschulz.com\/"},{"@type":"ListItem","position":2,"name":"Einbauk\u00fcchen"}]},{"@type":"WebSite","@id":"https:\/\/elektroschulz.com\/#website","url":"https:\/\/elektroschulz.com\/","name":"Elektro Schulz","description":"","publisher":{"@id":"https:\/\/elektroschulz.com\/#organization"},"potentialAction":[{"@type":"SearchAction","target":{"@type":"EntryPoint","urlTemplate":"https:\/\/elektroschulz.com\/?s={search_term_string}"},"query-input":"required name=search_term_string"}],"inLanguage":"de"},{"@type":"Organization","@id":"https:\/\/elektroschulz.com\/#organization","name":"Elektro Schulz","url":"https:\/\/elektroschulz.com\/","logo":{"@type":"ImageObject","inLanguage":"de","@id":"https:\/\/elektroschulz.com\/#\/schema\/logo\/image\/","url":"https:\/\/elektroschulz.com\/wp-content\/uploads\/2015\/09\/elektro-schulz_logo.png","contentUrl":"https:\/\/elektroschulz.com\/wp-content\/uploads\/2015\/09\/elektro-schulz_logo.png","width":400,"height":119,"caption":"Elektro Schulz"},"image":{"@id":"https:\/\/elektroschulz.com\/#\/schema\/logo\/image\/"}}]}},"_links":{"self":[{"href":"https:\/\/elektroschulz.com\/index.php?rest_route=\/wp\/v2\/pages\/88"}],"collection":[{"href":"https:\/\/elektroschulz.com\/index.php?rest_route=\/wp\/v2\/pages"}],"about":[{"href":"https:\/\/elektroschulz.com\/index.php?rest_route=\/wp\/v2\/types\/page"}],"author":[{"embeddable":true,"href":"https:\/\/elektroschulz.com\/index.php?rest_route=\/wp\/v2\/users\/1"}],"replies":[{"embeddable":true,"href":"https:\/\/elektroschulz.com\/index.php?rest_route=%2Fwp%2Fv2%2Fcomments&post=88"}],"version-history":[{"count":47,"href":"https:\/\/elektroschulz.com\/index.php?rest_route=\/wp\/v2\/pages\/88\/revisions"}],"predecessor-version":[{"id":779,"href":"https:\/\/elektroschulz.com\/index.php?rest_route=\/wp\/v2\/pages\/88\/revisions\/779"}],"wp:featuredmedia":[{"embeddable":true,"href":"https:\/\/elektroschulz.com\/index.php?rest_route=\/wp\/v2\/media\/556"}],"wp:attachment":[{"href":"https:\/\/elektroschulz.com\/index.php?rest_route=%2Fwp%2Fv2%2Fmedia&parent=88"}],"curies":[{"name":"wp","href":"https:\/\/api.w.org\/{rel}","templated":true}]}}